{"id":125,"date":"2018-07-30T19:18:41","date_gmt":"2018-07-30T22:18:41","guid":{"rendered":"http:\/\/maurofelippe.com.br\/?page_id=125"},"modified":"2023-08-07T21:37:21","modified_gmt":"2023-08-08T00:37:21","slug":"contato","status":"publish","type":"page","link":"https:\/\/maurofelippe.com\/br\/contato\/","title":{"rendered":"Contato"},"content":{"rendered":"\t\t<div data-elementor-type=\"wp-page\" data-elementor-id=\"125\" class=\"elementor elementor-125\">\n\t\t\t\t\t\t<section class=\"elementor-section elementor-top-section elementor-element elementor-element-98b08da elementor-section-boxed elementor-section-height-default elementor-section-height-default\" data-id=\"98b08da\" data-element_type=\"section\" data-e-type=\"section\">\n\t\t\t\t\t\t<div class=\"elementor-container elementor-column-gap-default\">\n\t\t\t\t\t<div class=\"elementor-column elementor-col-100 elementor-top-column elementor-element elementor-element-9050d73\" data-id=\"9050d73\" data-element_type=\"column\" data-e-type=\"column\">\n\t\t\t<div class=\"elementor-widget-wrap elementor-element-populated\">\n\t\t\t\t\t\t<div class=\"elementor-element elementor-element-4b00944 elementor-widget elementor-widget-heading\" data-id=\"4b00944\" data-element_type=\"widget\" data-e-type=\"widget\" data-widget_type=\"heading.default\">\n\t\t\t\t<div class=\"elementor-widget-container\">\n\t\t\t\t\t<h1 class=\"elementor-heading-title elementor-size-default\">ENTRE EM CONTATO COM O ESCRITOR MAURO FELIPPE<\/h1>\t\t\t\t<\/div>\n\t\t\t\t<\/div>\n\t\t\t\t\t<\/div>\n\t\t<\/div>\n\t\t\t\t\t<\/div>\n\t\t<\/section>\n\t\t\t\t<section class=\"elementor-section elementor-top-section elementor-element elementor-element-321f720 elementor-section-boxed elementor-section-height-default elementor-section-height-default\" data-id=\"321f720\" data-element_type=\"section\" data-e-type=\"section\">\n\t\t\t\t\t\t<div class=\"elementor-container elementor-column-gap-default\">\n\t\t\t\t\t<div class=\"elementor-column elementor-col-100 elementor-top-column elementor-element elementor-element-36dcec1\" data-id=\"36dcec1\" data-element_type=\"column\" data-e-type=\"column\">\n\t\t\t<div class=\"elementor-widget-wrap elementor-element-populated\">\n\t\t\t\t\t\t<div class=\"elementor-element elementor-element-e88fd15 elementor-widget elementor-widget-text-editor\" data-id=\"e88fd15\" data-element_type=\"widget\" data-e-type=\"widget\" data-widget_type=\"text-editor.default\">\n\t\t\t\t<div class=\"elementor-widget-container\">\n\t\t\t\t\t\t\t\t\t<p>Preencha o formul\u00e1rio a seguir para entrar em contato com o escritor Mauro Felippe.<\/p>\t\t\t\t\t\t\t\t<\/div>\n\t\t\t\t<\/div>\n\t\t\t\t\t<\/div>\n\t\t<\/div>\n\t\t\t\t\t<\/div>\n\t\t<\/section>\n\t\t\t\t<section class=\"elementor-section elementor-top-section elementor-element elementor-element-d9e8dc9 elementor-section-boxed elementor-section-height-default elementor-section-height-default\" data-id=\"d9e8dc9\" data-element_type=\"section\" data-e-type=\"section\">\n\t\t\t\t\t\t<div class=\"elementor-container elementor-column-gap-default\">\n\t\t\t\t\t<div class=\"elementor-column elementor-col-100 elementor-top-column elementor-element elementor-element-4492831\" data-id=\"4492831\" data-element_type=\"column\" data-e-type=\"column\">\n\t\t\t<div class=\"elementor-widget-wrap elementor-element-populated\">\n\t\t\t\t\t\t<div class=\"elementor-element elementor-element-008cf5c elementor-widget elementor-widget-shortcode\" data-id=\"008cf5c\" data-element_type=\"widget\" data-e-type=\"widget\" data-widget_type=\"shortcode.default\">\n\t\t\t\t<div class=\"elementor-widget-container\">\n\t\t\t\t\t\t\t<div class=\"elementor-shortcode\">\n<div class=\"wpcf7 no-js\" id=\"wpcf7-f337-o1\" lang=\"pt-BR\" dir=\"ltr\" data-wpcf7-id=\"337\">\n<div class=\"screen-reader-response\"><p role=\"status\" aria-live=\"polite\" aria-atomic=\"true\"><\/p> <ul><\/ul><\/div>\n<form action=\"\/br\/wp-json\/wp\/v2\/pages\/125#wpcf7-f337-o1\" method=\"post\" class=\"wpcf7-form init\" aria-label=\"Formul\u00e1rios de contato\" novalidate=\"novalidate\" data-status=\"init\">\n<fieldset class=\"hidden-fields-container\"><input type=\"hidden\" name=\"_wpcf7\" value=\"337\" \/><input type=\"hidden\" name=\"_wpcf7_version\" value=\"6.1.5\" \/><input type=\"hidden\" name=\"_wpcf7_locale\" value=\"pt_BR\" \/><input type=\"hidden\" name=\"_wpcf7_unit_tag\" value=\"wpcf7-f337-o1\" \/><input type=\"hidden\" name=\"_wpcf7_container_post\" value=\"0\" \/><input type=\"hidden\" name=\"_wpcf7_posted_data_hash\" value=\"\" \/>\n<\/fieldset>\n<p><label> Seu nome (obrigat\u00f3rio)<br \/>\n<span class=\"wpcf7-form-control-wrap\" data-name=\"your-name\"><input size=\"40\" maxlength=\"400\" class=\"wpcf7-form-control wpcf7-text wpcf7-validates-as-required\" aria-required=\"true\" aria-invalid=\"false\" value=\"\" type=\"text\" name=\"your-name\" \/><\/span> <\/label>\n<\/p>\n<p><label> Seu e-mail (obrigat\u00f3rio)<br \/>\n<span class=\"wpcf7-form-control-wrap\" data-name=\"your-email\"><input size=\"40\" maxlength=\"400\" class=\"wpcf7-form-control wpcf7-email wpcf7-validates-as-required wpcf7-text wpcf7-validates-as-email\" aria-required=\"true\" aria-invalid=\"false\" value=\"\" type=\"email\" name=\"your-email\" \/><\/span> <\/label>\n<\/p>\n<p><label> Assunto<br \/>\n<span class=\"wpcf7-form-control-wrap\" data-name=\"your-subject\"><input size=\"40\" maxlength=\"400\" class=\"wpcf7-form-control wpcf7-text\" aria-invalid=\"false\" value=\"\" type=\"text\" name=\"your-subject\" \/><\/span> <\/label>\n<\/p>\n<p><label> Sua mensagem<br \/>\n<span class=\"wpcf7-form-control-wrap\" data-name=\"your-message\"><textarea cols=\"40\" rows=\"10\" maxlength=\"2000\" class=\"wpcf7-form-control wpcf7-textarea\" aria-invalid=\"false\" name=\"your-message\"><\/textarea><\/span> <\/label>\n<\/p>\n<p><input class=\"wpcf7-form-control wpcf7-submit has-spinner\" type=\"submit\" value=\"Enviar\" \/>\n<\/p><p style=\"display: none !important;\" class=\"akismet-fields-container\" data-prefix=\"_wpcf7_ak_\"><label>&#916;<textarea name=\"_wpcf7_ak_hp_textarea\" cols=\"45\" rows=\"8\" maxlength=\"100\"><\/textarea><\/label><input type=\"hidden\" id=\"ak_js_1\" name=\"_wpcf7_ak_js\" value=\"21\"\/><script>document.getElementById( \"ak_js_1\" ).setAttribute( \"value\", ( new Date() ).getTime() );<\/script><\/p><input type='hidden' class='wpcf7-pum' value='{\"closepopup\":false,\"closedelay\":0,\"openpopup\":false,\"openpopup_id\":0}' \/><div class=\"wpcf7-response-output\" aria-hidden=\"true\"><\/div>\n<\/form>\n<\/div>\n<\/div>\n\t\t\t\t\t\t<\/div>\n\t\t\t\t<\/div>\n\t\t\t\t\t<\/div>\n\t\t<\/div>\n\t\t\t\t\t<\/div>\n\t\t<\/section>\n\t\t\t\t<\/div>\n\t\t","protected":false},"excerpt":{"rendered":"<p>ENTRE EM CONTATO COM O ESCRITOR MAURO FELIPPE Preencha o formul\u00e1rio a seguir para entrar em contato com o escritor Mauro Felippe.<\/p>\n","protected":false},"author":1,"featured_media":0,"parent":0,"menu_order":0,"comment_status":"closed","ping_status":"closed","template":"","meta":{"jetpack_post_was_ever_published":false,"footnotes":""},"class_list":["post-125","page","type-page","status-publish","hentry"],"blocksy_meta":[],"yoast_head":"<!-- This site is optimized with the Yoast SEO plugin v27.4 - https:\/\/yoast.com\/product\/yoast-seo-wordpress\/ -->\n<title>Contato - Mauro Felippe<\/title>\n<meta name=\"robots\" content=\"index, follow, max-snippet:-1, max-image-preview:large, max-video-preview:-1\" \/>\n<link rel=\"canonical\" href=\"https:\/\/maurofelippe.com\/br\/contato\/\" \/>\n<meta property=\"og:locale\" content=\"pt_BR\" \/>\n<meta property=\"og:type\" content=\"article\" \/>\n<meta property=\"og:title\" content=\"Contato - Mauro Felippe\" \/>\n<meta property=\"og:description\" content=\"ENTRE EM CONTATO COM O ESCRITOR MAURO FELIPPE Preencha o formul\u00e1rio a seguir para entrar em contato com o escritor Mauro Felippe.\" \/>\n<meta property=\"og:url\" content=\"https:\/\/maurofelippe.com\/br\/contato\/\" \/>\n<meta property=\"og:site_name\" content=\"Mauro Felippe\" \/>\n<meta property=\"article:modified_time\" content=\"2023-08-08T00:37:21+00:00\" \/>\n<meta name=\"twitter:card\" content=\"summary_large_image\" \/>\n<meta name=\"twitter:label1\" content=\"Est. tempo de leitura\" \/>\n\t<meta name=\"twitter:data1\" content=\"1 minuto\" \/>\n<script type=\"application\/ld+json\" class=\"yoast-schema-graph\">{\"@context\":\"https:\\\/\\\/schema.org\",\"@graph\":[{\"@type\":\"WebPage\",\"@id\":\"https:\\\/\\\/maurofelippe.com\\\/contato\\\/\",\"url\":\"https:\\\/\\\/maurofelippe.com\\\/contato\\\/\",\"name\":\"Contato - Mauro Felippe\",\"isPartOf\":{\"@id\":\"http:\\\/\\\/maurofelippe.com\\\/br\\\/#website\"},\"datePublished\":\"2018-07-30T22:18:41+00:00\",\"dateModified\":\"2023-08-08T00:37:21+00:00\",\"breadcrumb\":{\"@id\":\"https:\\\/\\\/maurofelippe.com\\\/contato\\\/#breadcrumb\"},\"inLanguage\":\"pt-BR\",\"potentialAction\":[{\"@type\":\"ReadAction\",\"target\":[\"https:\\\/\\\/maurofelippe.com\\\/contato\\\/\"]}]},{\"@type\":\"BreadcrumbList\",\"@id\":\"https:\\\/\\\/maurofelippe.com\\\/contato\\\/#breadcrumb\",\"itemListElement\":[{\"@type\":\"ListItem\",\"position\":1,\"name\":\"In\u00edcio\",\"item\":\"https:\\\/\\\/maurofelippe.com\\\/\"},{\"@type\":\"ListItem\",\"position\":2,\"name\":\"Contato\"}]},{\"@type\":\"WebSite\",\"@id\":\"http:\\\/\\\/maurofelippe.com\\\/br\\\/#website\",\"url\":\"http:\\\/\\\/maurofelippe.com\\\/br\\\/\",\"name\":\"Mauro Felippe\",\"description\":\"Autor e Escritor\",\"publisher\":{\"@id\":\"http:\\\/\\\/maurofelippe.com\\\/br\\\/#\\\/schema\\\/person\\\/b6fb66bfeb28cbb8e687e43244e365cb\"},\"potentialAction\":[{\"@type\":\"SearchAction\",\"target\":{\"@type\":\"EntryPoint\",\"urlTemplate\":\"http:\\\/\\\/maurofelippe.com\\\/br\\\/?s={search_term_string}\"},\"query-input\":{\"@type\":\"PropertyValueSpecification\",\"valueRequired\":true,\"valueName\":\"search_term_string\"}}],\"inLanguage\":\"pt-BR\"},{\"@type\":[\"Person\",\"Organization\"],\"@id\":\"http:\\\/\\\/maurofelippe.com\\\/br\\\/#\\\/schema\\\/person\\\/b6fb66bfeb28cbb8e687e43244e365cb\",\"name\":\"Mauro Felippe\",\"image\":{\"@type\":\"ImageObject\",\"inLanguage\":\"pt-BR\",\"@id\":\"https:\\\/\\\/maurofelippe.com\\\/wp-content\\\/uploads\\\/2019\\\/01\\\/logo-Mauro-Felippe.png\",\"url\":\"https:\\\/\\\/maurofelippe.com\\\/wp-content\\\/uploads\\\/2019\\\/01\\\/logo-Mauro-Felippe.png\",\"contentUrl\":\"https:\\\/\\\/maurofelippe.com\\\/wp-content\\\/uploads\\\/2019\\\/01\\\/logo-Mauro-Felippe.png\",\"width\":164,\"height\":86,\"caption\":\"Mauro Felippe\"},\"logo\":{\"@id\":\"https:\\\/\\\/maurofelippe.com\\\/wp-content\\\/uploads\\\/2019\\\/01\\\/logo-Mauro-Felippe.png\"},\"sameAs\":[\"http:\\\/\\\/www.maurofelippe.com\"]}]}<\/script>\n<!-- \/ Yoast SEO plugin. -->","yoast_head_json":{"title":"Contato - Mauro Felippe","robots":{"index":"index","follow":"follow","max-snippet":"max-snippet:-1","max-image-preview":"max-image-preview:large","max-video-preview":"max-video-preview:-1"},"canonical":"https:\/\/maurofelippe.com\/br\/contato\/","og_locale":"pt_BR","og_type":"article","og_title":"Contato - Mauro Felippe","og_description":"ENTRE EM CONTATO COM O ESCRITOR MAURO FELIPPE Preencha o formul\u00e1rio a seguir para entrar em contato com o escritor Mauro Felippe.","og_url":"https:\/\/maurofelippe.com\/br\/contato\/","og_site_name":"Mauro Felippe","article_modified_time":"2023-08-08T00:37:21+00:00","twitter_card":"summary_large_image","twitter_misc":{"Est. tempo de leitura":"1 minuto"},"schema":{"@context":"https:\/\/schema.org","@graph":[{"@type":"WebPage","@id":"https:\/\/maurofelippe.com\/contato\/","url":"https:\/\/maurofelippe.com\/contato\/","name":"Contato - Mauro Felippe","isPartOf":{"@id":"http:\/\/maurofelippe.com\/br\/#website"},"datePublished":"2018-07-30T22:18:41+00:00","dateModified":"2023-08-08T00:37:21+00:00","breadcrumb":{"@id":"https:\/\/maurofelippe.com\/contato\/#breadcrumb"},"inLanguage":"pt-BR","potentialAction":[{"@type":"ReadAction","target":["https:\/\/maurofelippe.com\/contato\/"]}]},{"@type":"BreadcrumbList","@id":"https:\/\/maurofelippe.com\/contato\/#breadcrumb","itemListElement":[{"@type":"ListItem","position":1,"name":"In\u00edcio","item":"https:\/\/maurofelippe.com\/"},{"@type":"ListItem","position":2,"name":"Contato"}]},{"@type":"WebSite","@id":"http:\/\/maurofelippe.com\/br\/#website","url":"http:\/\/maurofelippe.com\/br\/","name":"Mauro Felippe","description":"Autor e Escritor","publisher":{"@id":"http:\/\/maurofelippe.com\/br\/#\/schema\/person\/b6fb66bfeb28cbb8e687e43244e365cb"},"potentialAction":[{"@type":"SearchAction","target":{"@type":"EntryPoint","urlTemplate":"http:\/\/maurofelippe.com\/br\/?s={search_term_string}"},"query-input":{"@type":"PropertyValueSpecification","valueRequired":true,"valueName":"search_term_string"}}],"inLanguage":"pt-BR"},{"@type":["Person","Organization"],"@id":"http:\/\/maurofelippe.com\/br\/#\/schema\/person\/b6fb66bfeb28cbb8e687e43244e365cb","name":"Mauro Felippe","image":{"@type":"ImageObject","inLanguage":"pt-BR","@id":"https:\/\/maurofelippe.com\/wp-content\/uploads\/2019\/01\/logo-Mauro-Felippe.png","url":"https:\/\/maurofelippe.com\/wp-content\/uploads\/2019\/01\/logo-Mauro-Felippe.png","contentUrl":"https:\/\/maurofelippe.com\/wp-content\/uploads\/2019\/01\/logo-Mauro-Felippe.png","width":164,"height":86,"caption":"Mauro Felippe"},"logo":{"@id":"https:\/\/maurofelippe.com\/wp-content\/uploads\/2019\/01\/logo-Mauro-Felippe.png"},"sameAs":["http:\/\/www.maurofelippe.com"]}]}},"jetpack_shortlink":"https:\/\/wp.me\/PavqH1-21","jetpack-related-posts":[{"id":24,"url":"https:\/\/maurofelippe.com\/br\/livros\/","url_meta":{"origin":125,"position":0},"title":"Livros","author":"Mauro Felippe","date":"24\/07\/2018","format":false,"excerpt":"CONHE\u00c7A MINHAS OBRAS! AS COLET\u00c2NEAS PO\u00c9TICAS QUE ESCREVI, COM MINHAS VIS\u00d5ES SOBRE A VIDA. cartase \"CATARSE\" \u00e9 um livro de poemas que explora a for\u00e7a da linguagem para libertar e expressar o \u00e2mago do ser. Com versos cuidadosamente elaborados, o livro d\u00e1 vida ao que antes era et\u00e9reo e convida\u2026","rel":"","context":"Post similar","block_context":{"text":"Post similar","link":""},"img":{"alt_text":"","src":"https:\/\/i0.wp.com\/maurofelippe.com\/wp-content\/uploads\/2023\/04\/Catarse-Capa-620x1024.jpg?resize=350%2C200&ssl=1","width":350,"height":200,"srcset":"https:\/\/i0.wp.com\/maurofelippe.com\/wp-content\/uploads\/2023\/04\/Catarse-Capa-620x1024.jpg?resize=350%2C200&ssl=1 1x, https:\/\/i0.wp.com\/maurofelippe.com\/wp-content\/uploads\/2023\/04\/Catarse-Capa-620x1024.jpg?resize=525%2C300&ssl=1 1.5x"},"classes":[]},{"id":34,"url":"https:\/\/maurofelippe.com\/br\/videos\/","url_meta":{"origin":125,"position":1},"title":"V\u00eddeos","author":"Mauro Felippe","date":"24\/07\/2018","format":false,"excerpt":"Videos e Entrevistas Siga o Mauro Felippe nas redes sociais: Facebook Instagram Youtube https:\/\/www.youtube.com\/watch?v=z4Ld8HeycWIhttps:\/\/www.youtube.com\/watch?v=X5fedRdjkpwhttps:\/\/www.youtube.com\/watch?v=kK5UwlRcvV4https:\/\/www.youtube.com\/watch?v=CTj-3aIyFukhttps:\/\/www.youtube.com\/watch?v=FZ_g-a3bfnIhttps:\/\/www.youtube.com\/watch?v=3E7Z3IerjB4","rel":"","context":"Post similar","block_context":{"text":"Post similar","link":""},"img":{"alt_text":"","src":"https:\/\/i0.wp.com\/img.youtube.com\/vi\/z4Ld8HeycWIhttps\/0.jpg?resize=350%2C200","width":350,"height":200},"classes":[]},{"id":143,"url":"https:\/\/maurofelippe.com\/br\/loja\/","url_meta":{"origin":125,"position":2},"title":"Loja","author":"Mauro Felippe","date":"25\/09\/2018","format":false,"excerpt":"Encontre meus livros nas principais lojas do mercado nacional","rel":"","context":"Post similar","block_context":{"text":"Post similar","link":""},"img":{"alt_text":"","src":"https:\/\/i0.wp.com\/maurofelippe.com\/wp-content\/uploads\/2023\/08\/logo-saraiva-512-300x300.png?resize=350%2C200&ssl=1","width":350,"height":200},"classes":[]},{"id":673,"url":"https:\/\/maurofelippe.com\/br\/artigos\/","url_meta":{"origin":125,"position":3},"title":"Artigos","author":"Mauro Felippe","date":"12\/12\/2018","format":false,"excerpt":"Leia artigos sobre o Mauro Felippe","rel":"","context":"Post similar","block_context":{"text":"Post similar","link":""},"img":{"alt_text":"","src":"","width":0,"height":0},"classes":[]},{"id":32,"url":"https:\/\/maurofelippe.com\/br\/imprensa\/","url_meta":{"origin":125,"position":4},"title":"Na imprensa","author":"Mauro Felippe","date":"24\/07\/2018","format":false,"excerpt":"Leia o que saiu na imprensa sobre o Mauro Felippe","rel":"","context":"Post similar","block_context":{"text":"Post similar","link":""},"img":{"alt_text":"","src":"","width":0,"height":0},"classes":[]},{"id":848,"url":"https:\/\/maurofelippe.com\/br\/materias-publicadas\/","url_meta":{"origin":125,"position":5},"title":"Mat\u00e9rias publicadas","author":"Mauro Felippe","date":"14\/12\/2018","format":false,"excerpt":"Leia mat\u00e9rias publicadas sobre o Mauro Felippe","rel":"","context":"Post similar","block_context":{"text":"Post similar","link":""},"img":{"alt_text":"","src":"","width":0,"height":0},"classes":[]}],"jetpack_sharing_enabled":true,"_links":{"self":[{"href":"https:\/\/maurofelippe.com\/br\/wp-json\/wp\/v2\/pages\/125","targetHints":{"allow":["GET"]}}],"collection":[{"href":"https:\/\/maurofelippe.com\/br\/wp-json\/wp\/v2\/pages"}],"about":[{"href":"https:\/\/maurofelippe.com\/br\/wp-json\/wp\/v2\/types\/page"}],"author":[{"embeddable":true,"href":"https:\/\/maurofelippe.com\/br\/wp-json\/wp\/v2\/users\/1"}],"replies":[{"embeddable":true,"href":"https:\/\/maurofelippe.com\/br\/wp-json\/wp\/v2\/comments?post=125"}],"version-history":[{"count":15,"href":"https:\/\/maurofelippe.com\/br\/wp-json\/wp\/v2\/pages\/125\/revisions"}],"predecessor-version":[{"id":1789,"href":"https:\/\/maurofelippe.com\/br\/wp-json\/wp\/v2\/pages\/125\/revisions\/1789"}],"wp:attachment":[{"href":"https:\/\/maurofelippe.com\/br\/wp-json\/wp\/v2\/media?parent=125"}],"curies":[{"name":"wp","href":"https:\/\/api.w.org\/{rel}","templated":true}]}}