{"id":68,"date":"2018-07-27T20:22:52","date_gmt":"2018-07-27T23:22:52","guid":{"rendered":"http:\/\/maurofelippe.com.br\/?page_id=68"},"modified":"2023-08-07T21:29:54","modified_gmt":"2023-08-08T00:29:54","slug":"autor","status":"publish","type":"page","link":"https:\/\/maurofelippe.com\/br\/autor\/","title":{"rendered":"Autor"},"content":{"rendered":"\t\t<div data-elementor-type=\"wp-page\" data-elementor-id=\"68\" class=\"elementor elementor-68\">\n\t\t\t\t\t\t<section class=\"elementor-section elementor-top-section elementor-element elementor-element-31eafac elementor-section-boxed elementor-section-height-default elementor-section-height-default\" data-id=\"31eafac\" data-element_type=\"section\" data-e-type=\"section\">\n\t\t\t\t\t\t<div class=\"elementor-container elementor-column-gap-default\">\n\t\t\t\t\t<div class=\"elementor-column elementor-col-100 elementor-top-column elementor-element elementor-element-a7395e5\" data-id=\"a7395e5\" data-element_type=\"column\" data-e-type=\"column\">\n\t\t\t<div class=\"elementor-widget-wrap elementor-element-populated\">\n\t\t\t\t\t\t<div class=\"elementor-element elementor-element-68996a1 elementor-widget elementor-widget-heading\" data-id=\"68996a1\" data-element_type=\"widget\" data-e-type=\"widget\" data-widget_type=\"heading.default\">\n\t\t\t\t<div class=\"elementor-widget-container\">\n\t\t\t\t\t<h1 class=\"elementor-heading-title elementor-size-default\">Saiba mais sobre minhas lembran\u00e7as, ess\u00eancia, caminho...<\/h1>\t\t\t\t<\/div>\n\t\t\t\t<\/div>\n\t\t\t\t\t<\/div>\n\t\t<\/div>\n\t\t\t\t\t<\/div>\n\t\t<\/section>\n\t\t\t\t<section class=\"elementor-section elementor-top-section elementor-element elementor-element-f81c137 elementor-section-boxed elementor-section-height-default elementor-section-height-default\" data-id=\"f81c137\" data-element_type=\"section\" data-e-type=\"section\">\n\t\t\t\t\t\t<div class=\"elementor-container elementor-column-gap-default\">\n\t\t\t\t\t<div class=\"elementor-column elementor-col-33 elementor-top-column elementor-element elementor-element-f6fb466\" data-id=\"f6fb466\" data-element_type=\"column\" data-e-type=\"column\">\n\t\t\t<div class=\"elementor-widget-wrap elementor-element-populated\">\n\t\t\t\t\t\t<div class=\"elementor-element elementor-element-ce06561 elementor-widget elementor-widget-image\" data-id=\"ce06561\" data-element_type=\"widget\" data-e-type=\"widget\" data-widget_type=\"image.default\">\n\t\t\t\t<div class=\"elementor-widget-container\">\n\t\t\t\t\t\t\t\t\t\t\t\t\t\t\t<img fetchpriority=\"high\" decoding=\"async\" width=\"615\" height=\"1024\" src=\"https:\/\/maurofelippe.com\/wp-content\/uploads\/2023\/08\/365099990_812090313642830_6214688139344190754_n-615x1024.jpg\" class=\"attachment-large size-large wp-image-1667\" alt=\"\" srcset=\"https:\/\/maurofelippe.com\/wp-content\/uploads\/2023\/08\/365099990_812090313642830_6214688139344190754_n-615x1024.jpg 615w, https:\/\/maurofelippe.com\/wp-content\/uploads\/2023\/08\/365099990_812090313642830_6214688139344190754_n-180x300.jpg 180w, https:\/\/maurofelippe.com\/wp-content\/uploads\/2023\/08\/365099990_812090313642830_6214688139344190754_n-768x1280.jpg 768w, https:\/\/maurofelippe.com\/wp-content\/uploads\/2023\/08\/365099990_812090313642830_6214688139344190754_n-922x1536.jpg 922w, https:\/\/maurofelippe.com\/wp-content\/uploads\/2023\/08\/365099990_812090313642830_6214688139344190754_n-7x12.jpg 7w, https:\/\/maurofelippe.com\/wp-content\/uploads\/2023\/08\/365099990_812090313642830_6214688139344190754_n.jpg 1229w\" sizes=\"(max-width: 615px) 100vw, 615px\" \/>\t\t\t\t\t\t\t\t\t\t\t\t\t\t\t<\/div>\n\t\t\t\t<\/div>\n\t\t\t\t\t<\/div>\n\t\t<\/div>\n\t\t\t\t<div class=\"elementor-column elementor-col-66 elementor-top-column elementor-element elementor-element-2b1b77f\" data-id=\"2b1b77f\" data-element_type=\"column\" data-e-type=\"column\">\n\t\t\t<div class=\"elementor-widget-wrap elementor-element-populated\">\n\t\t\t\t\t\t<div class=\"elementor-element elementor-element-35471cd elementor-widget elementor-widget-text-editor\" data-id=\"35471cd\" data-element_type=\"widget\" data-e-type=\"widget\" data-widget_type=\"text-editor.default\">\n\t\t\t\t<div class=\"elementor-widget-container\">\n\t\t\t\t\t\t\t\t\t<p>N\u00e3o consigo apontar apenas uma lembran\u00e7a daqueles \u00e1ureos tempos, pois seria injusto \u00e0 minha pr\u00f3pria exist\u00eancia. Tudo foi interessante. Tudo foi importante, de onde tenho grande saudade.<\/p>\t\t\t\t\t\t\t\t<\/div>\n\t\t\t\t<\/div>\n\t\t\t\t<div class=\"elementor-element elementor-element-761751e8 elementor-widget elementor-widget-text-editor\" data-id=\"761751e8\" data-element_type=\"widget\" data-e-type=\"widget\" data-widget_type=\"text-editor.default\">\n\t\t\t\t<div class=\"elementor-widget-container\">\n\t\t\t\t\t\t\t\t\t<p>Tive uma inf\u00e2ncia tranquila, nos moldes de cidade pequena, interiorana. Afinal, sou de Urussanga\/SC. Tenho amigos de raiz, desde os primeiros anos, e uma fam\u00edlia muito unida, at\u00e9 hoje. Vivo ainda os costumes ditados pela sociedade e pelos ascendentes, normais, valorizando a gratid\u00e3o e a humildade, muito diferente dos dias atuais. Penso que tudo que se refere \u00e0 inf\u00e2ncia passa a ser interessante no ponto de vista de quem abra\u00e7a e d\u00e1 valores \u00e0s pequenas coisas t\u00edpicas de cidade pequena. Foi assim que tive meu primeiro contato com a boa leitura, valorizando as obras que tinha em m\u00e3os, mas sempre mantendo a integridade, ess\u00eancia e valores enraizados no pensamento. Um aprendizado de vida junto dos meus pais e irm\u00e3os; um meio prop\u00edcio que me incentivou a adentrar na \u00e1rea liter\u00e1ria. \u00c9 um mundo m\u00e1gico, onde limites n\u00e3o existem e tudo \u00e9 um tesouro. N\u00e3o consigo apontar apenas uma lembran\u00e7a daqueles \u00e1ureos tempos, pois seria injusto \u00e0 minha pr\u00f3pria exist\u00eancia. Tudo foi interessante. Tudo foi importante, de onde tenho grande saudade.<\/p><p>Com o apoio dos meus pais em todo caminho da minha carreira liter\u00e1ria, percebi como a idoneidade e o car\u00e1ter, dois valores ensinados por eles, s\u00e3o importantes para a vida. Repasso os mesmos para os meus filhos, ainda pequenos, que seguir\u00e3o esse bom exemplo e continuar\u00e3o essas ideias para as futuras gera\u00e7\u00f5es. Meus pais, inclusive, incentivaram o conhecimento dos maiores Autores e Personagens Hist\u00f3ricos e Fict\u00edcios, \u00edcones at\u00e9 hoje. Foi por meio dos Livros, Enciclop\u00e9dias, Almanaques, Gibis e tudo que aparecia em cima da mesa, trazidos por meu pai e minha m\u00e3e, que passei a ler com interesse em aprender mais. Recordo-me dos Gibis, como dito, da Enciclop\u00e9dia Tesouros da Juventude, da Delta, da Mirador, Revista Sele\u00e7\u00f5es, \u00e1lbuns de figurinhas, livros de diversos autores e jornais, todos sempre aparentes pela casa.<\/p><p>Quem me v\u00ea agora, n\u00e3o acredita que tamb\u00e9m j\u00e1 cursei Engenharia de Alimentos. Desisti da carreira de engenheiro para optar pelo Direito, minha paix\u00e3o. Para o mim, Direito e Poesia s\u00e3o \u00e1reas muito distintas, quase que incomunic\u00e1veis. Enquanto o Direito \u00e9 ditado pela sociedade vigente, a Poesia bem elaborada \u00e9 atemporal. O Direito \u00e9 aplicado. A Poesia \u00e9 inspiradora. O Direito \u00e9 travado, com letras frias. A Poesia, com letras muito quentes. Mas vejo que h\u00e1 um ponto de converg\u00eancia entre ambas: elas requerem uma \u00f3tima percep\u00e7\u00e3o de ler, escrever, e tamb\u00e9m adora\u00e7\u00e3o \u00e0 arte vivencial. Consigo separa-las, sempre. Acredito que, no fundo, uma auxilia a outra. Ambas s\u00e3o minhas grandes paix\u00f5es e esta \u00e9 mais uma raz\u00e3o da mencionada converg\u00eancia, um sentido para prosseguir com ambas sem que seus caminhos distintos comprometam uma \u00e0 outra na minha vida.<\/p><p>Por\u00e9m, confesso que n\u00e3o me vejo com o dom da poesia. Penso assim, pois creio que ningu\u00e9m possui dons, mas sim o exerc\u00edcio de algo que gosta em patamar mais apurado, digno de elogios e cr\u00edticas. \u00c9 como Cortella clarificou certa vez para mim, em particular: \u201ccaso algu\u00e9m disser que uma pessoa possui dom \u00e9 para se ficar irritado, pois a resposta oportuna seria dizer ao indiv\u00edduo que &#8216;tens m\u00e9rito'&#8221;. Utilizo muito esta frase. Afinal, ningu\u00e9m ter\u00e1 dom se n\u00e3o fazer o que gosta.<\/p><p>Pensando nisso, decidi n\u00e3o me restringir somente aos poemas. Tenho mais de mil escritos e j\u00e1 produzidos, mas deixo claro meu apre\u00e7o por textos bem elaborados e que passam uma \u00f3tima imagem ou reflex\u00e3o j\u00e1 na primeira vista. Na minha pr\u00e9-adolesc\u00eancia, escrevi cadernos e mais cadernos com extensos temas e textos, por\u00e9m a minha poesia primog\u00eanita n\u00e3o me vem \u00e0 cabe\u00e7a. O tempo passa e a nostalgia bate. Por isso, homenageei todos os textos produzidos em tal \u00e9poca repleta de conflitos quanto ao pertencimento, no meu poema do pudico personagem \u201cPuck\u201d, escrito nos idos anos 80 e publicado em meu livro de estreia, o \u201cNove\u201d.<\/p><p>A grande maioria dos temas que escrevo s\u00e3o existenciais, muito filos\u00f3ficos e psicol\u00f3gicos. Talvez, extra\u00ed conhecimentos dos meus longos anos na advocacia, atendendo a muitas esp\u00e9cies de conflitos e traumas, conversando com muitas pessoas e clientes. Tive, ent\u00e3o, de incluir essas mensagens em minhas obras, pois esse \u00e9 um riqu\u00edssimo conhecimento adquirido por esses encontros. Amadureci muito ouvindo a todos e criando-lhes solu\u00e7\u00f5es. Acredito que a base do que escrevo \u00e9 a viv\u00eancia da complexa humanidade, a qual me incluo.<\/p><p>Mas, para publicar livros, percebo que h\u00e1 uma sequ\u00eancia de fatores a se levar em conta. Tendo que chegar a ponto de escrever ou compor algo \u00e9 porque j\u00e1 se tem uma certa carga de vida ou aprendizados, mesmo que p\u00f3s-trag\u00e9dias. Acredito que escrever \u00e9 lapidar a consci\u00eancia atrav\u00e9s do papel; exteriorizar o que pensa naquele instante, sem medo de errar. Obviamente, se eu n\u00e3o tivesse a carga de aprendizados que tive l\u00e1 atr\u00e1s com meus pais e estudos no Col\u00e9gio, n\u00e3o colheria um livro. Creio que nem passaria esta d\u00e1diva no pensamento.<\/p><p>Por fim, espero que voc\u00ea, que venha a ler os meus livros, sinta a sinceridade nos textos. O gosto e simpatia pelo que acabou de ler. Um acr\u00e9scimo, mesmo que \u00ednfimo, no seu modo de pensar, positivamente. E, talvez, uma amizade sincera que come\u00e7ar\u00e1 atrav\u00e9s das letras.<\/p>\t\t\t\t\t\t\t\t<\/div>\n\t\t\t\t<\/div>\n\t\t\t\t\t<\/div>\n\t\t<\/div>\n\t\t\t\t\t<\/div>\n\t\t<\/section>\n\t\t\t\t<\/div>\n\t\t","protected":false},"excerpt":{"rendered":"<p>Saiba mais sobre minhas lembran\u00e7as, ess\u00eancia, caminho&#8230; N\u00e3o consigo apontar apenas uma lembran\u00e7a daqueles \u00e1ureos tempos, pois seria injusto \u00e0 minha pr\u00f3pria exist\u00eancia. Tudo foi interessante. Tudo foi importante, de onde tenho grande saudade. Tive uma inf\u00e2ncia tranquila, nos moldes de cidade pequena, interiorana. Afinal, sou de Urussanga\/SC. Tenho amigos de raiz, desde os primeiros [&hellip;]<\/p>\n","protected":false},"author":1,"featured_media":0,"parent":0,"menu_order":0,"comment_status":"closed","ping_status":"closed","template":"","meta":{"jetpack_post_was_ever_published":false,"footnotes":""},"class_list":["post-68","page","type-page","status-publish","hentry"],"blocksy_meta":[],"yoast_head":"<!-- This site is optimized with the Yoast SEO plugin v27.4 - https:\/\/yoast.com\/product\/yoast-seo-wordpress\/ -->\n<title>Autor - Mauro Felippe<\/title>\n<meta name=\"robots\" content=\"index, follow, max-snippet:-1, max-image-preview:large, max-video-preview:-1\" \/>\n<link rel=\"canonical\" href=\"https:\/\/maurofelippe.com\/br\/autor\/\" \/>\n<meta property=\"og:locale\" content=\"pt_BR\" \/>\n<meta property=\"og:type\" content=\"article\" \/>\n<meta property=\"og:title\" content=\"Autor - Mauro Felippe\" \/>\n<meta property=\"og:description\" content=\"Saiba mais sobre minhas lembran\u00e7as, ess\u00eancia, caminho&#8230; N\u00e3o consigo apontar apenas uma lembran\u00e7a daqueles \u00e1ureos tempos, pois seria injusto \u00e0 minha pr\u00f3pria exist\u00eancia. Tudo foi interessante. Tudo foi importante, de onde tenho grande saudade. Tive uma inf\u00e2ncia tranquila, nos moldes de cidade pequena, interiorana. Afinal, sou de Urussanga\/SC. Tenho amigos de raiz, desde os primeiros [&hellip;]\" \/>\n<meta property=\"og:url\" content=\"https:\/\/maurofelippe.com\/br\/autor\/\" \/>\n<meta property=\"og:site_name\" content=\"Mauro Felippe\" \/>\n<meta property=\"article:modified_time\" content=\"2023-08-08T00:29:54+00:00\" \/>\n<meta property=\"og:image\" content=\"https:\/\/maurofelippe.com\/wp-content\/uploads\/2023\/08\/365099990_812090313642830_6214688139344190754_n-615x1024.jpg\" \/>\n<meta name=\"twitter:card\" content=\"summary_large_image\" \/>\n<meta name=\"twitter:label1\" content=\"Est. tempo de leitura\" \/>\n\t<meta name=\"twitter:data1\" content=\"6 minutos\" \/>\n<script type=\"application\/ld+json\" class=\"yoast-schema-graph\">{\"@context\":\"https:\\\/\\\/schema.org\",\"@graph\":[{\"@type\":\"WebPage\",\"@id\":\"https:\\\/\\\/maurofelippe.com\\\/autor\\\/\",\"url\":\"https:\\\/\\\/maurofelippe.com\\\/autor\\\/\",\"name\":\"Autor - Mauro Felippe\",\"isPartOf\":{\"@id\":\"http:\\\/\\\/maurofelippe.com\\\/br\\\/#website\"},\"primaryImageOfPage\":{\"@id\":\"https:\\\/\\\/maurofelippe.com\\\/autor\\\/#primaryimage\"},\"image\":{\"@id\":\"https:\\\/\\\/maurofelippe.com\\\/autor\\\/#primaryimage\"},\"thumbnailUrl\":\"https:\\\/\\\/maurofelippe.com\\\/wp-content\\\/uploads\\\/2023\\\/08\\\/365099990_812090313642830_6214688139344190754_n-615x1024.jpg\",\"datePublished\":\"2018-07-27T23:22:52+00:00\",\"dateModified\":\"2023-08-08T00:29:54+00:00\",\"breadcrumb\":{\"@id\":\"https:\\\/\\\/maurofelippe.com\\\/autor\\\/#breadcrumb\"},\"inLanguage\":\"pt-BR\",\"potentialAction\":[{\"@type\":\"ReadAction\",\"target\":[\"https:\\\/\\\/maurofelippe.com\\\/autor\\\/\"]}]},{\"@type\":\"ImageObject\",\"inLanguage\":\"pt-BR\",\"@id\":\"https:\\\/\\\/maurofelippe.com\\\/autor\\\/#primaryimage\",\"url\":\"https:\\\/\\\/maurofelippe.com\\\/wp-content\\\/uploads\\\/2023\\\/08\\\/365099990_812090313642830_6214688139344190754_n-615x1024.jpg\",\"contentUrl\":\"https:\\\/\\\/maurofelippe.com\\\/wp-content\\\/uploads\\\/2023\\\/08\\\/365099990_812090313642830_6214688139344190754_n-615x1024.jpg\"},{\"@type\":\"BreadcrumbList\",\"@id\":\"https:\\\/\\\/maurofelippe.com\\\/autor\\\/#breadcrumb\",\"itemListElement\":[{\"@type\":\"ListItem\",\"position\":1,\"name\":\"In\u00edcio\",\"item\":\"https:\\\/\\\/maurofelippe.com\\\/\"},{\"@type\":\"ListItem\",\"position\":2,\"name\":\"Autor\"}]},{\"@type\":\"WebSite\",\"@id\":\"http:\\\/\\\/maurofelippe.com\\\/br\\\/#website\",\"url\":\"http:\\\/\\\/maurofelippe.com\\\/br\\\/\",\"name\":\"Mauro Felippe\",\"description\":\"Autor e Escritor\",\"publisher\":{\"@id\":\"http:\\\/\\\/maurofelippe.com\\\/br\\\/#\\\/schema\\\/person\\\/b6fb66bfeb28cbb8e687e43244e365cb\"},\"potentialAction\":[{\"@type\":\"SearchAction\",\"target\":{\"@type\":\"EntryPoint\",\"urlTemplate\":\"http:\\\/\\\/maurofelippe.com\\\/br\\\/?s={search_term_string}\"},\"query-input\":{\"@type\":\"PropertyValueSpecification\",\"valueRequired\":true,\"valueName\":\"search_term_string\"}}],\"inLanguage\":\"pt-BR\"},{\"@type\":[\"Person\",\"Organization\"],\"@id\":\"http:\\\/\\\/maurofelippe.com\\\/br\\\/#\\\/schema\\\/person\\\/b6fb66bfeb28cbb8e687e43244e365cb\",\"name\":\"Mauro Felippe\",\"image\":{\"@type\":\"ImageObject\",\"inLanguage\":\"pt-BR\",\"@id\":\"https:\\\/\\\/maurofelippe.com\\\/wp-content\\\/uploads\\\/2019\\\/01\\\/logo-Mauro-Felippe.png\",\"url\":\"https:\\\/\\\/maurofelippe.com\\\/wp-content\\\/uploads\\\/2019\\\/01\\\/logo-Mauro-Felippe.png\",\"contentUrl\":\"https:\\\/\\\/maurofelippe.com\\\/wp-content\\\/uploads\\\/2019\\\/01\\\/logo-Mauro-Felippe.png\",\"width\":164,\"height\":86,\"caption\":\"Mauro Felippe\"},\"logo\":{\"@id\":\"https:\\\/\\\/maurofelippe.com\\\/wp-content\\\/uploads\\\/2019\\\/01\\\/logo-Mauro-Felippe.png\"},\"sameAs\":[\"http:\\\/\\\/www.maurofelippe.com\"]}]}<\/script>\n<!-- \/ Yoast SEO plugin. -->","yoast_head_json":{"title":"Autor - Mauro Felippe","robots":{"index":"index","follow":"follow","max-snippet":"max-snippet:-1","max-image-preview":"max-image-preview:large","max-video-preview":"max-video-preview:-1"},"canonical":"https:\/\/maurofelippe.com\/br\/autor\/","og_locale":"pt_BR","og_type":"article","og_title":"Autor - Mauro Felippe","og_description":"Saiba mais sobre minhas lembran\u00e7as, ess\u00eancia, caminho&#8230; N\u00e3o consigo apontar apenas uma lembran\u00e7a daqueles \u00e1ureos tempos, pois seria injusto \u00e0 minha pr\u00f3pria exist\u00eancia. Tudo foi interessante. Tudo foi importante, de onde tenho grande saudade. Tive uma inf\u00e2ncia tranquila, nos moldes de cidade pequena, interiorana. Afinal, sou de Urussanga\/SC. Tenho amigos de raiz, desde os primeiros [&hellip;]","og_url":"https:\/\/maurofelippe.com\/br\/autor\/","og_site_name":"Mauro Felippe","article_modified_time":"2023-08-08T00:29:54+00:00","og_image":[{"url":"https:\/\/maurofelippe.com\/wp-content\/uploads\/2023\/08\/365099990_812090313642830_6214688139344190754_n-615x1024.jpg","type":"","width":"","height":""}],"twitter_card":"summary_large_image","twitter_misc":{"Est. tempo de leitura":"6 minutos"},"schema":{"@context":"https:\/\/schema.org","@graph":[{"@type":"WebPage","@id":"https:\/\/maurofelippe.com\/autor\/","url":"https:\/\/maurofelippe.com\/autor\/","name":"Autor - Mauro Felippe","isPartOf":{"@id":"http:\/\/maurofelippe.com\/br\/#website"},"primaryImageOfPage":{"@id":"https:\/\/maurofelippe.com\/autor\/#primaryimage"},"image":{"@id":"https:\/\/maurofelippe.com\/autor\/#primaryimage"},"thumbnailUrl":"https:\/\/maurofelippe.com\/wp-content\/uploads\/2023\/08\/365099990_812090313642830_6214688139344190754_n-615x1024.jpg","datePublished":"2018-07-27T23:22:52+00:00","dateModified":"2023-08-08T00:29:54+00:00","breadcrumb":{"@id":"https:\/\/maurofelippe.com\/autor\/#breadcrumb"},"inLanguage":"pt-BR","potentialAction":[{"@type":"ReadAction","target":["https:\/\/maurofelippe.com\/autor\/"]}]},{"@type":"ImageObject","inLanguage":"pt-BR","@id":"https:\/\/maurofelippe.com\/autor\/#primaryimage","url":"https:\/\/maurofelippe.com\/wp-content\/uploads\/2023\/08\/365099990_812090313642830_6214688139344190754_n-615x1024.jpg","contentUrl":"https:\/\/maurofelippe.com\/wp-content\/uploads\/2023\/08\/365099990_812090313642830_6214688139344190754_n-615x1024.jpg"},{"@type":"BreadcrumbList","@id":"https:\/\/maurofelippe.com\/autor\/#breadcrumb","itemListElement":[{"@type":"ListItem","position":1,"name":"In\u00edcio","item":"https:\/\/maurofelippe.com\/"},{"@type":"ListItem","position":2,"name":"Autor"}]},{"@type":"WebSite","@id":"http:\/\/maurofelippe.com\/br\/#website","url":"http:\/\/maurofelippe.com\/br\/","name":"Mauro Felippe","description":"Autor e Escritor","publisher":{"@id":"http:\/\/maurofelippe.com\/br\/#\/schema\/person\/b6fb66bfeb28cbb8e687e43244e365cb"},"potentialAction":[{"@type":"SearchAction","target":{"@type":"EntryPoint","urlTemplate":"http:\/\/maurofelippe.com\/br\/?s={search_term_string}"},"query-input":{"@type":"PropertyValueSpecification","valueRequired":true,"valueName":"search_term_string"}}],"inLanguage":"pt-BR"},{"@type":["Person","Organization"],"@id":"http:\/\/maurofelippe.com\/br\/#\/schema\/person\/b6fb66bfeb28cbb8e687e43244e365cb","name":"Mauro Felippe","image":{"@type":"ImageObject","inLanguage":"pt-BR","@id":"https:\/\/maurofelippe.com\/wp-content\/uploads\/2019\/01\/logo-Mauro-Felippe.png","url":"https:\/\/maurofelippe.com\/wp-content\/uploads\/2019\/01\/logo-Mauro-Felippe.png","contentUrl":"https:\/\/maurofelippe.com\/wp-content\/uploads\/2019\/01\/logo-Mauro-Felippe.png","width":164,"height":86,"caption":"Mauro Felippe"},"logo":{"@id":"https:\/\/maurofelippe.com\/wp-content\/uploads\/2019\/01\/logo-Mauro-Felippe.png"},"sameAs":["http:\/\/www.maurofelippe.com"]}]}},"jetpack_shortlink":"https:\/\/wp.me\/PavqH1-16","jetpack-related-posts":[{"id":24,"url":"https:\/\/maurofelippe.com\/br\/livros\/","url_meta":{"origin":68,"position":0},"title":"Livros","author":"Mauro Felippe","date":"24\/07\/2018","format":false,"excerpt":"CONHE\u00c7A MINHAS OBRAS! AS COLET\u00c2NEAS PO\u00c9TICAS QUE ESCREVI, COM MINHAS VIS\u00d5ES SOBRE A VIDA. cartase \"CATARSE\" \u00e9 um livro de poemas que explora a for\u00e7a da linguagem para libertar e expressar o \u00e2mago do ser. Com versos cuidadosamente elaborados, o livro d\u00e1 vida ao que antes era et\u00e9reo e convida\u2026","rel":"","context":"Post similar","block_context":{"text":"Post similar","link":""},"img":{"alt_text":"","src":"https:\/\/i0.wp.com\/maurofelippe.com\/wp-content\/uploads\/2023\/04\/Catarse-Capa-620x1024.jpg?resize=350%2C200&ssl=1","width":350,"height":200,"srcset":"https:\/\/i0.wp.com\/maurofelippe.com\/wp-content\/uploads\/2023\/04\/Catarse-Capa-620x1024.jpg?resize=350%2C200&ssl=1 1x, https:\/\/i0.wp.com\/maurofelippe.com\/wp-content\/uploads\/2023\/04\/Catarse-Capa-620x1024.jpg?resize=525%2C300&ssl=1 1.5x"},"classes":[]},{"id":673,"url":"https:\/\/maurofelippe.com\/br\/artigos\/","url_meta":{"origin":68,"position":1},"title":"Artigos","author":"Mauro Felippe","date":"12\/12\/2018","format":false,"excerpt":"Leia artigos sobre o Mauro Felippe","rel":"","context":"Post similar","block_context":{"text":"Post similar","link":""},"img":{"alt_text":"","src":"","width":0,"height":0},"classes":[]},{"id":32,"url":"https:\/\/maurofelippe.com\/br\/imprensa\/","url_meta":{"origin":68,"position":2},"title":"Na imprensa","author":"Mauro Felippe","date":"24\/07\/2018","format":false,"excerpt":"Leia o que saiu na imprensa sobre o Mauro Felippe","rel":"","context":"Post similar","block_context":{"text":"Post similar","link":""},"img":{"alt_text":"","src":"","width":0,"height":0},"classes":[]},{"id":848,"url":"https:\/\/maurofelippe.com\/br\/materias-publicadas\/","url_meta":{"origin":68,"position":3},"title":"Mat\u00e9rias publicadas","author":"Mauro Felippe","date":"14\/12\/2018","format":false,"excerpt":"Leia mat\u00e9rias publicadas sobre o Mauro Felippe","rel":"","context":"Post similar","block_context":{"text":"Post similar","link":""},"img":{"alt_text":"","src":"","width":0,"height":0},"classes":[]}],"jetpack_sharing_enabled":true,"_links":{"self":[{"href":"https:\/\/maurofelippe.com\/br\/wp-json\/wp\/v2\/pages\/68","targetHints":{"allow":["GET"]}}],"collection":[{"href":"https:\/\/maurofelippe.com\/br\/wp-json\/wp\/v2\/pages"}],"about":[{"href":"https:\/\/maurofelippe.com\/br\/wp-json\/wp\/v2\/types\/page"}],"author":[{"embeddable":true,"href":"https:\/\/maurofelippe.com\/br\/wp-json\/wp\/v2\/users\/1"}],"replies":[{"embeddable":true,"href":"https:\/\/maurofelippe.com\/br\/wp-json\/wp\/v2\/comments?post=68"}],"version-history":[{"count":11,"href":"https:\/\/maurofelippe.com\/br\/wp-json\/wp\/v2\/pages\/68\/revisions"}],"predecessor-version":[{"id":1780,"href":"https:\/\/maurofelippe.com\/br\/wp-json\/wp\/v2\/pages\/68\/revisions\/1780"}],"wp:attachment":[{"href":"https:\/\/maurofelippe.com\/br\/wp-json\/wp\/v2\/media?parent=68"}],"curies":[{"name":"wp","href":"https:\/\/api.w.org\/{rel}","templated":true}]}}