{"id":143,"date":"2018-09-25T21:50:59","date_gmt":"2018-09-26T00:50:59","guid":{"rendered":"https:\/\/maurofelippe.com.br\/?page_id=143"},"modified":"2023-08-08T09:23:49","modified_gmt":"2023-08-08T12:23:49","slug":"loja","status":"publish","type":"page","link":"https:\/\/maurofelippe.com\/en\/loja\/","title":{"rendered":"Store"},"content":{"rendered":"<div data-elementor-type=\"wp-page\" data-elementor-id=\"143\" class=\"elementor elementor-143\">\n\t\t\t\t\t\t<section class=\"elementor-section elementor-top-section elementor-element elementor-element-b37d56a elementor-section-boxed elementor-section-height-default elementor-section-height-default\" data-id=\"b37d56a\" data-element_type=\"section\" data-e-type=\"section\">\n\t\t\t\t\t\t<div class=\"elementor-container elementor-column-gap-default\">\n\t\t\t\t\t<div class=\"elementor-column elementor-col-100 elementor-top-column elementor-element elementor-element-0fa3c8b\" data-id=\"0fa3c8b\" data-element_type=\"column\" data-e-type=\"column\">\n\t\t\t<div class=\"elementor-widget-wrap elementor-element-populated\">\n\t\t\t\t\t\t<div class=\"elementor-element elementor-element-4295594 elementor-widget elementor-widget-heading\" data-id=\"4295594\" data-element_type=\"widget\" data-e-type=\"widget\" data-widget_type=\"heading.default\">\n\t\t\t\t<div class=\"elementor-widget-container\">\n\t\t\t\t\t<h1 class=\"elementor-heading-title elementor-size-default\">Find my books in the main stores of the national market<\/h1>\t\t\t\t<\/div>\n\t\t\t\t<\/div>\n\t\t\t\t\t<\/div>\n\t\t<\/div>\n\t\t\t\t\t<\/div>\n\t\t<\/section>\n\t\t\t\t<section class=\"elementor-section elementor-top-section elementor-element elementor-element-589b71a elementor-section-content-middle elementor-section-boxed elementor-section-height-default elementor-section-height-default\" data-id=\"589b71a\" data-element_type=\"section\" data-e-type=\"section\">\n\t\t\t\t\t\t<div class=\"elementor-container elementor-column-gap-default\">\n\t\t\t\t\t<div class=\"elementor-column elementor-col-33 elementor-top-column elementor-element elementor-element-ffd0486\" data-id=\"ffd0486\" data-element_type=\"column\" data-e-type=\"column\">\n\t\t\t<div class=\"elementor-widget-wrap elementor-element-populated\">\n\t\t\t\t\t\t<div class=\"elementor-element elementor-element-5d6a8d3 elementor-widget elementor-widget-image\" data-id=\"5d6a8d3\" data-element_type=\"widget\" data-e-type=\"widget\" data-widget_type=\"image.default\">\n\t\t\t\t<div class=\"elementor-widget-container\">\n\t\t\t\t\t\t\t\t\t\t\t\t\t\t\t\t<a href=\"https:\/\/busca.saraiva.com.br\/busca?q=Mauro-Felippe\" target=\"_blank\">\n\t\t\t\t\t\t\t<img fetchpriority=\"high\" decoding=\"async\" width=\"300\" height=\"300\" src=\"https:\/\/maurofelippe.com\/wp-content\/uploads\/2023\/08\/logo-saraiva-512-300x300.png\" class=\"attachment-medium size-medium wp-image-1858\" alt=\"\" srcset=\"https:\/\/maurofelippe.com\/wp-content\/uploads\/2023\/08\/logo-saraiva-512-300x300.png 300w, https:\/\/maurofelippe.com\/wp-content\/uploads\/2023\/08\/logo-saraiva-512-150x150.png 150w, https:\/\/maurofelippe.com\/wp-content\/uploads\/2023\/08\/logo-saraiva-512-12x12.png 12w, https:\/\/maurofelippe.com\/wp-content\/uploads\/2023\/08\/logo-saraiva-512.png 512w\" sizes=\"(max-width: 300px) 100vw, 300px\" \/>\t\t\t\t\t\t\t\t<\/a>\n\t\t\t\t\t\t\t\t\t\t\t\t\t\t\t<\/div>\n\t\t\t\t<\/div>\n\t\t\t\t\t<\/div>\n\t\t<\/div>\n\t\t\t\t<div class=\"elementor-column elementor-col-33 elementor-top-column elementor-element elementor-element-3624404\" data-id=\"3624404\" data-element_type=\"column\" data-e-type=\"column\">\n\t\t\t<div class=\"elementor-widget-wrap elementor-element-populated\">\n\t\t\t\t\t\t<div class=\"elementor-element elementor-element-dff2bf8 elementor-widget elementor-widget-image\" data-id=\"dff2bf8\" data-element_type=\"widget\" data-e-type=\"widget\" data-widget_type=\"image.default\">\n\t\t\t\t<div class=\"elementor-widget-container\">\n\t\t\t\t\t\t\t\t\t\t\t\t\t\t\t\t<a href=\"https:\/\/www.livrariacultura.com.br\/busca\/?ft=mauro%20felippe&#038;originalText=mauro%20felippe\" target=\"_blank\">\n\t\t\t\t\t\t\t<img decoding=\"async\" src=\"https:\/\/maurofelippe.com\/wp-content\/uploads\/elementor\/thumbs\/logo-livraria-cultura-qalytg14a9aevk6ii9xs86jm5sqe5ws7apmgpztv4g.webp\" title=\"logo-livraria-cultura\" alt=\"logo-livraria-cultura\" loading=\"lazy\" \/>\t\t\t\t\t\t\t\t<\/a>\n\t\t\t\t\t\t\t\t\t\t\t\t\t\t\t<\/div>\n\t\t\t\t<\/div>\n\t\t\t\t\t<\/div>\n\t\t<\/div>\n\t\t\t\t<div class=\"elementor-column elementor-col-33 elementor-top-column elementor-element elementor-element-9e3bfde\" data-id=\"9e3bfde\" data-element_type=\"column\" data-e-type=\"column\">\n\t\t\t<div class=\"elementor-widget-wrap elementor-element-populated\">\n\t\t\t\t\t\t<div class=\"elementor-element elementor-element-0eabfa4 elementor-widget elementor-widget-image\" data-id=\"0eabfa4\" data-element_type=\"widget\" data-e-type=\"widget\" data-widget_type=\"image.default\">\n\t\t\t\t<div class=\"elementor-widget-container\">\n\t\t\t\t\t\t\t\t\t\t\t\t\t\t\t\t<a href=\"https:\/\/www.amazon.com.br\/s?k=Mauro+Felippe\" target=\"_blank\">\n\t\t\t\t\t\t\t<img decoding=\"async\" width=\"300\" height=\"188\" src=\"https:\/\/maurofelippe.com\/wp-content\/uploads\/2023\/08\/Amazon-Logo-300x188.png\" class=\"attachment-medium size-medium wp-image-1861\" alt=\"\" srcset=\"https:\/\/maurofelippe.com\/wp-content\/uploads\/2023\/08\/Amazon-Logo-300x188.png 300w, https:\/\/maurofelippe.com\/wp-content\/uploads\/2023\/08\/Amazon-Logo-1024x640.png 1024w, https:\/\/maurofelippe.com\/wp-content\/uploads\/2023\/08\/Amazon-Logo-768x480.png 768w, https:\/\/maurofelippe.com\/wp-content\/uploads\/2023\/08\/Amazon-Logo-1536x960.png 1536w, https:\/\/maurofelippe.com\/wp-content\/uploads\/2023\/08\/Amazon-Logo-2048x1280.png 2048w, https:\/\/maurofelippe.com\/wp-content\/uploads\/2023\/08\/Amazon-Logo-18x12.png 18w\" sizes=\"(max-width: 300px) 100vw, 300px\" \/>\t\t\t\t\t\t\t\t<\/a>\n\t\t\t\t\t\t\t\t\t\t\t\t\t\t\t<\/div>\n\t\t\t\t<\/div>\n\t\t\t\t\t<\/div>\n\t\t<\/div>\n\t\t\t\t\t<\/div>\n\t\t<\/section>\n\t\t\t\t<\/div>","protected":false},"excerpt":{"rendered":"<p>Find my books in the main stores of the national market<\/p>","protected":false},"author":1,"featured_media":0,"parent":0,"menu_order":0,"comment_status":"closed","ping_status":"closed","template":"","meta":{"jetpack_post_was_ever_published":false,"footnotes":""},"class_list":["post-143","page","type-page","status-publish","hentry"],"blocksy_meta":[],"yoast_head":"<!-- This site is optimized with the Yoast SEO plugin v27.4 - https:\/\/yoast.com\/product\/yoast-seo-wordpress\/ -->\n<title>Loja - Mauro Felippe<\/title>\n<meta name=\"robots\" content=\"index, follow, max-snippet:-1, max-image-preview:large, max-video-preview:-1\" \/>\n<link rel=\"canonical\" href=\"https:\/\/maurofelippe.com\/en\/loja\/\" \/>\n<meta property=\"og:locale\" content=\"en_US\" \/>\n<meta property=\"og:type\" content=\"article\" \/>\n<meta property=\"og:title\" content=\"Loja - Mauro Felippe\" \/>\n<meta property=\"og:description\" content=\"Encontre meus livros nas principais lojas do mercado nacional\" \/>\n<meta property=\"og:url\" content=\"https:\/\/maurofelippe.com\/en\/loja\/\" \/>\n<meta property=\"og:site_name\" content=\"Mauro Felippe\" \/>\n<meta property=\"article:modified_time\" content=\"2023-08-08T12:23:49+00:00\" \/>\n<meta property=\"og:image\" content=\"https:\/\/maurofelippe.com\/wp-content\/uploads\/2023\/08\/logo-saraiva-512-300x300.png\" \/>\n<meta name=\"twitter:card\" content=\"summary_large_image\" \/>\n<meta name=\"twitter:label1\" content=\"Est. reading time\" \/>\n\t<meta name=\"twitter:data1\" content=\"1 minute\" \/>\n<script type=\"application\/ld+json\" class=\"yoast-schema-graph\">{\"@context\":\"https:\\\/\\\/schema.org\",\"@graph\":[{\"@type\":\"WebPage\",\"@id\":\"https:\\\/\\\/maurofelippe.com\\\/loja\\\/\",\"url\":\"https:\\\/\\\/maurofelippe.com\\\/loja\\\/\",\"name\":\"Loja - Mauro Felippe\",\"isPartOf\":{\"@id\":\"http:\\\/\\\/maurofelippe.com\\\/br\\\/#website\"},\"primaryImageOfPage\":{\"@id\":\"https:\\\/\\\/maurofelippe.com\\\/loja\\\/#primaryimage\"},\"image\":{\"@id\":\"https:\\\/\\\/maurofelippe.com\\\/loja\\\/#primaryimage\"},\"thumbnailUrl\":\"https:\\\/\\\/maurofelippe.com\\\/wp-content\\\/uploads\\\/2023\\\/08\\\/logo-saraiva-512-300x300.png\",\"datePublished\":\"2018-09-26T00:50:59+00:00\",\"dateModified\":\"2023-08-08T12:23:49+00:00\",\"breadcrumb\":{\"@id\":\"https:\\\/\\\/maurofelippe.com\\\/loja\\\/#breadcrumb\"},\"inLanguage\":\"en-US\",\"potentialAction\":[{\"@type\":\"ReadAction\",\"target\":[\"https:\\\/\\\/maurofelippe.com\\\/loja\\\/\"]}]},{\"@type\":\"ImageObject\",\"inLanguage\":\"en-US\",\"@id\":\"https:\\\/\\\/maurofelippe.com\\\/loja\\\/#primaryimage\",\"url\":\"https:\\\/\\\/maurofelippe.com\\\/wp-content\\\/uploads\\\/2023\\\/08\\\/logo-saraiva-512-300x300.png\",\"contentUrl\":\"https:\\\/\\\/maurofelippe.com\\\/wp-content\\\/uploads\\\/2023\\\/08\\\/logo-saraiva-512-300x300.png\"},{\"@type\":\"BreadcrumbList\",\"@id\":\"https:\\\/\\\/maurofelippe.com\\\/loja\\\/#breadcrumb\",\"itemListElement\":[{\"@type\":\"ListItem\",\"position\":1,\"name\":\"In\u00edcio\",\"item\":\"https:\\\/\\\/maurofelippe.com\\\/\"},{\"@type\":\"ListItem\",\"position\":2,\"name\":\"Loja\"}]},{\"@type\":\"WebSite\",\"@id\":\"http:\\\/\\\/maurofelippe.com\\\/br\\\/#website\",\"url\":\"http:\\\/\\\/maurofelippe.com\\\/br\\\/\",\"name\":\"Mauro Felippe\",\"description\":\"Autor e Escritor\",\"publisher\":{\"@id\":\"http:\\\/\\\/maurofelippe.com\\\/br\\\/#\\\/schema\\\/person\\\/b6fb66bfeb28cbb8e687e43244e365cb\"},\"potentialAction\":[{\"@type\":\"SearchAction\",\"target\":{\"@type\":\"EntryPoint\",\"urlTemplate\":\"http:\\\/\\\/maurofelippe.com\\\/br\\\/?s={search_term_string}\"},\"query-input\":{\"@type\":\"PropertyValueSpecification\",\"valueRequired\":true,\"valueName\":\"search_term_string\"}}],\"inLanguage\":\"en-US\"},{\"@type\":[\"Person\",\"Organization\"],\"@id\":\"http:\\\/\\\/maurofelippe.com\\\/br\\\/#\\\/schema\\\/person\\\/b6fb66bfeb28cbb8e687e43244e365cb\",\"name\":\"Mauro Felippe\",\"image\":{\"@type\":\"ImageObject\",\"inLanguage\":\"en-US\",\"@id\":\"https:\\\/\\\/maurofelippe.com\\\/wp-content\\\/uploads\\\/2019\\\/01\\\/logo-Mauro-Felippe.png\",\"url\":\"https:\\\/\\\/maurofelippe.com\\\/wp-content\\\/uploads\\\/2019\\\/01\\\/logo-Mauro-Felippe.png\",\"contentUrl\":\"https:\\\/\\\/maurofelippe.com\\\/wp-content\\\/uploads\\\/2019\\\/01\\\/logo-Mauro-Felippe.png\",\"width\":164,\"height\":86,\"caption\":\"Mauro Felippe\"},\"logo\":{\"@id\":\"https:\\\/\\\/maurofelippe.com\\\/wp-content\\\/uploads\\\/2019\\\/01\\\/logo-Mauro-Felippe.png\"},\"sameAs\":[\"http:\\\/\\\/www.maurofelippe.com\"]}]}<\/script>\n<!-- \/ Yoast SEO plugin. -->","yoast_head_json":{"title":"Loja - Mauro Felippe","robots":{"index":"index","follow":"follow","max-snippet":"max-snippet:-1","max-image-preview":"max-image-preview:large","max-video-preview":"max-video-preview:-1"},"canonical":"https:\/\/maurofelippe.com\/en\/loja\/","og_locale":"en_US","og_type":"article","og_title":"Loja - Mauro Felippe","og_description":"Encontre meus livros nas principais lojas do mercado nacional","og_url":"https:\/\/maurofelippe.com\/en\/loja\/","og_site_name":"Mauro Felippe","article_modified_time":"2023-08-08T12:23:49+00:00","og_image":[{"url":"https:\/\/maurofelippe.com\/wp-content\/uploads\/2023\/08\/logo-saraiva-512-300x300.png","type":"","width":"","height":""}],"twitter_card":"summary_large_image","twitter_misc":{"Est. reading time":"1 minute"},"schema":{"@context":"https:\/\/schema.org","@graph":[{"@type":"WebPage","@id":"https:\/\/maurofelippe.com\/loja\/","url":"https:\/\/maurofelippe.com\/loja\/","name":"Loja - Mauro Felippe","isPartOf":{"@id":"http:\/\/maurofelippe.com\/br\/#website"},"primaryImageOfPage":{"@id":"https:\/\/maurofelippe.com\/loja\/#primaryimage"},"image":{"@id":"https:\/\/maurofelippe.com\/loja\/#primaryimage"},"thumbnailUrl":"https:\/\/maurofelippe.com\/wp-content\/uploads\/2023\/08\/logo-saraiva-512-300x300.png","datePublished":"2018-09-26T00:50:59+00:00","dateModified":"2023-08-08T12:23:49+00:00","breadcrumb":{"@id":"https:\/\/maurofelippe.com\/loja\/#breadcrumb"},"inLanguage":"en-US","potentialAction":[{"@type":"ReadAction","target":["https:\/\/maurofelippe.com\/loja\/"]}]},{"@type":"ImageObject","inLanguage":"en-US","@id":"https:\/\/maurofelippe.com\/loja\/#primaryimage","url":"https:\/\/maurofelippe.com\/wp-content\/uploads\/2023\/08\/logo-saraiva-512-300x300.png","contentUrl":"https:\/\/maurofelippe.com\/wp-content\/uploads\/2023\/08\/logo-saraiva-512-300x300.png"},{"@type":"BreadcrumbList","@id":"https:\/\/maurofelippe.com\/loja\/#breadcrumb","itemListElement":[{"@type":"ListItem","position":1,"name":"In\u00edcio","item":"https:\/\/maurofelippe.com\/"},{"@type":"ListItem","position":2,"name":"Loja"}]},{"@type":"WebSite","@id":"http:\/\/maurofelippe.com\/br\/#website","url":"http:\/\/maurofelippe.com\/br\/","name":"Mauro Felippe","description":"Author and Writer","publisher":{"@id":"http:\/\/maurofelippe.com\/br\/#\/schema\/person\/b6fb66bfeb28cbb8e687e43244e365cb"},"potentialAction":[{"@type":"SearchAction","target":{"@type":"EntryPoint","urlTemplate":"http:\/\/maurofelippe.com\/br\/?s={search_term_string}"},"query-input":{"@type":"PropertyValueSpecification","valueRequired":true,"valueName":"search_term_string"}}],"inLanguage":"en-US"},{"@type":["Person","Organization"],"@id":"http:\/\/maurofelippe.com\/br\/#\/schema\/person\/b6fb66bfeb28cbb8e687e43244e365cb","name":"Mauro Felippe","image":{"@type":"ImageObject","inLanguage":"en-US","@id":"https:\/\/maurofelippe.com\/wp-content\/uploads\/2019\/01\/logo-Mauro-Felippe.png","url":"https:\/\/maurofelippe.com\/wp-content\/uploads\/2019\/01\/logo-Mauro-Felippe.png","contentUrl":"https:\/\/maurofelippe.com\/wp-content\/uploads\/2019\/01\/logo-Mauro-Felippe.png","width":164,"height":86,"caption":"Mauro Felippe"},"logo":{"@id":"https:\/\/maurofelippe.com\/wp-content\/uploads\/2019\/01\/logo-Mauro-Felippe.png"},"sameAs":["http:\/\/www.maurofelippe.com"]}]}},"jetpack_shortlink":"https:\/\/wp.me\/PavqH1-2j","jetpack-related-posts":[{"id":24,"url":"https:\/\/maurofelippe.com\/en\/livros\/","url_meta":{"origin":143,"position":0},"title":"Books","author":"Mauro Felippe","date":"24\/07\/2018","format":false,"excerpt":"CONHE\u00c7A MINHAS OBRAS! AS COLET\u00c2NEAS PO\u00c9TICAS QUE ESCREVI, COM MINHAS VIS\u00d5ES SOBRE A VIDA. cartase \"CATARSE\" \u00e9 um livro de poemas que explora a for\u00e7a da linguagem para libertar e expressar o \u00e2mago do ser. Com versos cuidadosamente elaborados, o livro d\u00e1 vida ao que antes era et\u00e9reo e convida\u2026","rel":"","context":"Similar post","block_context":{"text":"Similar post","link":""},"img":{"alt_text":"","src":"https:\/\/i0.wp.com\/maurofelippe.com\/wp-content\/uploads\/2023\/04\/Catarse-Capa-620x1024.jpg?resize=350%2C200&ssl=1","width":350,"height":200,"srcset":"https:\/\/i0.wp.com\/maurofelippe.com\/wp-content\/uploads\/2023\/04\/Catarse-Capa-620x1024.jpg?resize=350%2C200&ssl=1 1x, https:\/\/i0.wp.com\/maurofelippe.com\/wp-content\/uploads\/2023\/04\/Catarse-Capa-620x1024.jpg?resize=525%2C300&ssl=1 1.5x"},"classes":[]},{"id":68,"url":"https:\/\/maurofelippe.com\/en\/autor\/","url_meta":{"origin":143,"position":1},"title":"Author","author":"Mauro Felippe","date":"27\/07\/2018","format":false,"excerpt":"Saiba mais sobre minhas lembran\u00e7as, ess\u00eancia, caminho... N\u00e3o consigo apontar apenas uma lembran\u00e7a daqueles \u00e1ureos tempos, pois seria injusto \u00e0 minha pr\u00f3pria exist\u00eancia. Tudo foi interessante. Tudo foi importante, de onde tenho grande saudade.Tive uma inf\u00e2ncia tranquila, nos moldes de cidade pequena, interiorana. Afinal, sou de Urussanga\/SC. Tenho amigos de\u2026","rel":"","context":"Similar post","block_context":{"text":"Similar post","link":""},"img":{"alt_text":"","src":"https:\/\/i0.wp.com\/maurofelippe.com\/wp-content\/uploads\/2023\/08\/365099990_812090313642830_6214688139344190754_n-615x1024.jpg?resize=350%2C200&ssl=1","width":350,"height":200,"srcset":"https:\/\/i0.wp.com\/maurofelippe.com\/wp-content\/uploads\/2023\/08\/365099990_812090313642830_6214688139344190754_n-615x1024.jpg?resize=350%2C200&ssl=1 1x, https:\/\/i0.wp.com\/maurofelippe.com\/wp-content\/uploads\/2023\/08\/365099990_812090313642830_6214688139344190754_n-615x1024.jpg?resize=525%2C300&ssl=1 1.5x"},"classes":[]}],"jetpack_sharing_enabled":true,"_links":{"self":[{"href":"https:\/\/maurofelippe.com\/en\/wp-json\/wp\/v2\/pages\/143","targetHints":{"allow":["GET"]}}],"collection":[{"href":"https:\/\/maurofelippe.com\/en\/wp-json\/wp\/v2\/pages"}],"about":[{"href":"https:\/\/maurofelippe.com\/en\/wp-json\/wp\/v2\/types\/page"}],"author":[{"embeddable":true,"href":"https:\/\/maurofelippe.com\/en\/wp-json\/wp\/v2\/users\/1"}],"replies":[{"embeddable":true,"href":"https:\/\/maurofelippe.com\/en\/wp-json\/wp\/v2\/comments?post=143"}],"version-history":[{"count":18,"href":"https:\/\/maurofelippe.com\/en\/wp-json\/wp\/v2\/pages\/143\/revisions"}],"predecessor-version":[{"id":1880,"href":"https:\/\/maurofelippe.com\/en\/wp-json\/wp\/v2\/pages\/143\/revisions\/1880"}],"wp:attachment":[{"href":"https:\/\/maurofelippe.com\/en\/wp-json\/wp\/v2\/media?parent=143"}],"curies":[{"name":"wp","href":"https:\/\/api.w.org\/{rel}","templated":true}]}}